{"id":2148,"date":"2026-02-25T09:38:05","date_gmt":"2026-02-25T09:38:05","guid":{"rendered":"https:\/\/hypnocorpe.com\/?page_id=2148"},"modified":"2026-05-05T15:15:21","modified_gmt":"2026-05-05T15:15:21","slug":"decodage-eligibilite","status":"publish","type":"page","link":"https:\/\/hypnocorpe.com\/?page_id=2148","title":{"rendered":"D\u00e9codage biologique \u00e9ligibilit\u00e9"},"content":{"rendered":"<h1>V\u00e9rification d&#8217;\u00e9ligibilit\u00e9<\/h1>\n<h1>Plateforme d\u2019\u00e9ligibilit\u00e9<\/h1>\n<h1>Version beta 1.009<\/h1>\n<div>\n<div>Le dispositif de pr\u00e9-\u00e9valuation permettant de v\u00e9rifier l\u2019\u00e9ligibilit\u00e9 aux services HypnoCorpe est actuellement en cours d\u2019impl\u00e9mentation technique. Ce syst\u00e8me a pour objectif de permettre une premi\u00e8re analyse structur\u00e9e des situations afin de d\u00e9terminer leur ad\u00e9quation avec le cadre m\u00e9thodologique des interventions propos\u00e9es. <\/p>\n<\/div>\n<\/div>\n<h1>les informations transmises sont trait\u00e9es avec la plus stricte confidentialit\u00e9.<\/h1>\n<h1>Votre demande<\/h1>\n<div>\n<p>    <iframe loading=\"lazy\" src=\"https:\/\/form.typeform.com\/to\/CVCpFBIV\"   width=\"90%\"\n  height=\"600\"\n<\/a><br \/>\n<\/iframe><\/p>\n<\/div>\n<div>Chaque demande fera l\u2019objet d\u2019une lecture attentive afin d\u2019identifier si la situation peut relever d\u2019une \u00e9valuation approfondie.<\/div>\n<p><!--more--><br \/>\n<!-- {\"type\":\"layout\",\"children\":[{\"type\":\"section\",\"props\":{\"animation\":\"fade\",\"header_transparent\":true,\"header_transparent_noplaceholder\":true,\"header_transparent_text_color\":\"light\",\"height\":\"viewport\",\"image\":\"wp-content\/uploads\/es6a.png\",\"image_loading\":true,\"image_parallax_bgy\":\"40vh\",\"image_position\":\"top-center\",\"image_size\":\"cover\",\"image_width\":\"2560\",\"media_focal_point\":\"top-center\",\"media_overlay\":\"rgb(0, 0, 0)\",\"media_overlay_parallax_easing\":\"-2\",\"media_overlay_parallax_opacity\":\"0,1\",\"overlap\":false,\"padding_bottom\":\"large\",\"padding_top\":\"xlarge\",\"preserve_color\":false,\"sticky\":\"cover\",\"style\":\"primary\",\"text_color\":\"light\",\"title_breakpoint\":\"xl\",\"title_position\":\"top-left\",\"title_rotation\":\"left\",\"vertical_align\":\"middle\",\"width\":\"small\"},\"children\":[{\"type\":\"row\",\"props\":{\"margin_bottom\":\"remove\",\"margin_top\":\"remove\"},\"children\":[{\"type\":\"column\",\"props\":{\"image_position\":\"center-center\",\"position_sticky_breakpoint\":\"m\",\"vertical_align\":\"bottom\"},\"children\":[{\"type\":\"headline\",\"props\":{\"animation\":\"none\",\"content\":\"V\u00e9rification d'\u00e9ligibilit\u00e9\",\"image_align\":\"left\",\"image_margin\":\"xsmall\",\"margin_bottom\":\"xsmall\",\"margin_top\":\"xlarge\",\"text_align\":\"center\",\"title_color\":\"emphasis\",\"title_decoration\":\"divider\",\"title_element\":\"h1\",\"title_style\":\"heading-medium\"}},{\"type\":\"headline\",\"props\":{\"animation\":\"none\",\"content\":\"Plateforme d\u2019\u00e9ligibilit\u00e9\",\"image_align\":\"left\",\"image_margin\":\"xsmall\",\"margin_top\":\"default\",\"text_align\":\"center\",\"title_element\":\"h1\",\"title_style\":\"h5\"}},{\"type\":\"headline\",\"props\":{\"animation\":\"none\",\"content\":\"Version beta 1.009\",\"image_align\":\"left\",\"image_margin\":\"xsmall\",\"margin_bottom\":\"large\",\"margin_top\":\"default\",\"text_align\":\"center\",\"title_element\":\"h1\",\"title_font_family\":\"secondary\",\"title_style\":\"h6\"}},{\"name\":\"Panel Style Card Default\",\"type\":\"panel\",\"props\":{\"animation\":\"parallax\",\"block_align\":\"center\",\"content\":\"Le dispositif de pr\u00e9-\u00e9valuation permettant de v\u00e9rifier l\u2019\u00e9ligibilit\u00e9 aux services HypnoCorpe est actuellement en cours d\u2019impl\u00e9mentation technique. Ce syst\u00e8me a pour objectif de permettre une premi\u00e8re analyse structur\u00e9e des situations afin de d\u00e9terminer leur ad\u00e9quation avec le cadre m\u00e9thodologique des interventions propos\u00e9es. \\n\\n\",\"content_column_breakpoint\":\"m\",\"content_margin\":\"small\",\"content_style\":\"text-small\",\"height_expand\":false,\"image\":\"\",\"image_align\":\"top\",\"image_grid_breakpoint\":\"m\",\"image_grid_width\":\"1-2\",\"image_height\":\"50\",\"image_svg_color\":\"primary\",\"image_svg_inline\":true,\"image_width\":\"50\",\"link_style\":\"default\",\"link_text\":\"Read more\",\"margin_bottom\":\"default\",\"margin_top\":\"default\",\"meta\":\"\",\"meta_align\":\"above-title\",\"meta_element\":\"div\",\"meta_style\":\"text-meta\",\"panel_padding\":\"large\",\"parallax_blur\":\",\",\"text_align\":\"left\",\"title\":\"\",\"title_align\":\"top\",\"title_element\":\"h3\",\"title_grid_breakpoint\":\"m\",\"title_grid_width\":\"1-2\",\"title_hover_style\":\"reset\",\"title_margin_auto\":false,\"title_style\":\"text-small\"}},{\"type\":\"headline\",\"props\":{\"animation\":\"none\",\"block_align\":\"center\",\"content\":\"les informations transmises sont trait\u00e9es avec la plus stricte confidentialit\u00e9.\",\"image_align\":\"left\",\"image_margin\":\"xsmall\",\"margin_bottom\":\"large\",\"margin_top\":\"large\",\"text_align\":\"center\",\"title_element\":\"h1\",\"title_font_family\":\"secondary\",\"title_style\":\"h6\"}}]}]}],\"name\":\"Hero\"},{\"type\":\"section\",\"props\":{\"animation\":\"fade\",\"header_transparent\":true,\"header_transparent_noplaceholder\":true,\"header_transparent_text_color\":\"light\",\"height\":\"viewport\",\"image_loading\":true,\"image_parallax_bgy\":\"40vh\",\"image_position\":\"top-center\",\"image_size\":\"cover\",\"image_width\":\"2560\",\"media_focal_point\":\"top-center\",\"media_overlay\":\"rgb(0, 0, 0)\",\"media_overlay_parallax_easing\":\"-2\",\"media_overlay_parallax_opacity\":\"0,1\",\"overlap\":false,\"padding_bottom\":\"large\",\"padding_top\":\"xlarge\",\"preserve_color\":true,\"style\":\"default\",\"text_color\":\"light\",\"title_breakpoint\":\"xl\",\"title_position\":\"top-left\",\"title_rotation\":\"left\",\"vertical_align\":\"middle\",\"width\":\"small\"},\"children\":[{\"type\":\"row\",\"children\":[{\"type\":\"column\",\"props\":{\"image_position\":\"center-center\",\"position_sticky_breakpoint\":\"m\"},\"children\":[{\"type\":\"headline\",\"props\":{\"animation\":\"none\",\"content\":\"Votre demande\",\"image_align\":\"left\",\"image_margin\":\"xsmall\",\"margin_bottom\":\"xsmall\",\"margin_top\":\"xlarge\",\"text_align\":\"center\",\"title_color\":\"emphasis\",\"title_element\":\"h1\",\"title_style\":\"heading-medium\"}},{\"type\":\"html\",\"props\":{\"content\":\"<iframe src=\\\"https:\/\/form.typeform.com\/to\/CVCpFBIV\\\"   width=\\\"90%\\\"\\n  height=\\\"600\\\"\\n<\/a>\\n<\/iframe>\\n\"}},{\"type\":\"headline\",\"props\":{\"animation\":\"none\",\"block_align\":\"center\",\"content\":\"Chaque demande fera l\u2019objet d\u2019une lecture attentive afin d\u2019identifier si la situation peut relever d\u2019une \u00e9valuation approfondie.\",\"image_align\":\"left\",\"image_margin\":\"xsmall\",\"margin_bottom\":\"large\",\"margin_top\":\"remove\",\"maxwidth\":\"xlarge\",\"text_align\":\"center\",\"title_element\":\"div\",\"title_font_family\":\"default\",\"title_style\":\"text-small\"}}]}]}],\"name\":\"Hero\"}],\"version\":\"5.0.17\"} --><\/p>\n","protected":false},"excerpt":{"rendered":"<p>V\u00e9rification d&#8217;\u00e9ligibilit\u00e9 Plateforme d\u2019\u00e9ligibilit\u00e9 Version beta 1.009 Le dispositif de pr\u00e9-\u00e9valuation permettant de v\u00e9rifier l\u2019\u00e9ligibilit\u00e9 aux services HypnoCorpe est actuellement en cours d\u2019impl\u00e9mentation technique. Ce syst\u00e8me a pour objectif de permettre une premi\u00e8re analyse structur\u00e9e des situations afin de d\u00e9terminer leur ad\u00e9quation avec le cadre m\u00e9thodologique des interventions propos\u00e9es. les informations transmises sont trait\u00e9es avec [&hellip;]<\/p>\n","protected":false},"author":1,"featured_media":0,"parent":0,"menu_order":0,"comment_status":"closed","ping_status":"closed","template":"","meta":{"_acf_changed":false,"om_disable_all_campaigns":false,"_monsterinsights_skip_tracking":false,"_monsterinsights_sitenote_active":false,"_monsterinsights_sitenote_note":"","_monsterinsights_sitenote_category":0,"footnotes":""},"class_list":["post-2148","page","type-page","status-publish","hentry"],"acf":[],"aioseo_notices":[],"_links":{"self":[{"href":"https:\/\/hypnocorpe.com\/index.php?rest_route=\/wp\/v2\/pages\/2148","targetHints":{"allow":["GET"]}}],"collection":[{"href":"https:\/\/hypnocorpe.com\/index.php?rest_route=\/wp\/v2\/pages"}],"about":[{"href":"https:\/\/hypnocorpe.com\/index.php?rest_route=\/wp\/v2\/types\/page"}],"author":[{"embeddable":true,"href":"https:\/\/hypnocorpe.com\/index.php?rest_route=\/wp\/v2\/users\/1"}],"replies":[{"embeddable":true,"href":"https:\/\/hypnocorpe.com\/index.php?rest_route=%2Fwp%2Fv2%2Fcomments&post=2148"}],"version-history":[{"count":93,"href":"https:\/\/hypnocorpe.com\/index.php?rest_route=\/wp\/v2\/pages\/2148\/revisions"}],"predecessor-version":[{"id":5162,"href":"https:\/\/hypnocorpe.com\/index.php?rest_route=\/wp\/v2\/pages\/2148\/revisions\/5162"}],"wp:attachment":[{"href":"https:\/\/hypnocorpe.com\/index.php?rest_route=%2Fwp%2Fv2%2Fmedia&parent=2148"}],"curies":[{"name":"wp","href":"https:\/\/api.w.org\/{rel}","templated":true}]}}