{"id":3897,"date":"2026-03-18T22:19:14","date_gmt":"2026-03-18T22:19:14","guid":{"rendered":"https:\/\/hypnocorpe.com\/?page_id=3897"},"modified":"2026-05-15T05:15:10","modified_gmt":"2026-05-15T05:15:10","slug":"vision","status":"publish","type":"page","link":"https:\/\/hypnocorpe.com\/?page_id=3897","title":{"rendered":"Vision"},"content":{"rendered":"<h1>Vision<\/h1>\n<p><video src=\"\/wp-content\/uploads\/r3.mov\" poster=\"\"><\/video><\/p>\n<h2>Une m\u00e9decine de coh\u00e9rence<\/h2>\n<h2>Une m\u00e9decine de rigueur<br \/>Une m\u00e9decine qui ne simplifie pas l\u2019inexpliqu\u00e9<\/h2>\n<div>\n<p>La sant\u00e9 ne devrait jamais \u00eatre r\u00e9duite \u00e0 un organe, \u00e0 un chiffre isol\u00e9 ou \u00e0 une sp\u00e9cialit\u00e9 unique.<\/p>\n<p>Lorsqu\u2019un patient consulte plusieurs m\u00e9decins et re\u00e7oit des avis divergents,<br \/>lorsque les sympt\u00f4mes persistent malgr\u00e9 des bilans \u201cdans les normes\u201d,<br \/>lorsque les traitements s\u2019accumulent sans r\u00e9elle compr\u00e9hension globale,<\/p>\n<p>Ce n\u2019est pas toujours le corps qui est incoh\u00e9rent.<br \/>C\u2019est parfois la lecture du dossier qui est fragment\u00e9e.<\/p>\n<p><\/p>\n<\/div>\n<h1>\n<p>Ma vision est simple :<br \/>Revenir \u00e0 une lecture structur\u00e9e, transversale<br \/>et m\u00e9thodique du dossier clinique.<\/p>\n<\/h1>\n<h2>La coh\u00e9rence<br \/>avant l\u2019accumulation<\/h2>\n<div>Je ne cherche pas \u00e0 multiplier les examens.<br \/>\nJe cherche \u00e0 comprendre la logique biologique sous-jacente.<\/p>\n<p>Chaque r\u00e9sultat de laboratoire n\u2019est pas une fin en soi.<br \/>\nIl s\u2019inscrit dans un syst\u00e8me.<\/p>\n<p>Glyc\u00e9mie, inflammation, fonction thyro\u00efdienne, \u00e9quilibre hormonal, stress biologique, sant\u00e9 c\u00e9r\u00e9brale :<br \/>\naucun param\u00e8tre n\u2019est interpr\u00e9t\u00e9 isol\u00e9ment.<\/p>\n<p>La coh\u00e9rence prime sur l\u2019empilement.\n<\/p><\/div>\n<h2>Une exigence constante,<br \/>quel que soit l\u2019\u00e2ge<\/h2>\n<h2>\nUne m\u00e9decine de rigueur<br \/>\nUne m\u00e9decine qui ne simplifie pas l\u2019inexpliqu\u00e9.<br \/>\n<\/h2>\n<div>La rigueur clinique ne s\u2019arr\u00eate pas \u00e0 40, 60 ou 80 ans.<\/p>\n<p>L\u2019avanc\u00e9e en \u00e2ge ne justifie ni la simplification excessive d\u2019un dossier, ni l\u2019abandon d\u2019une r\u00e9flexion approfondie.<\/p>\n<p>Qu\u2019il s\u2019agisse d\u2019un adulte jeune confront\u00e9 \u00e0 un d\u00e9s\u00e9quilibre m\u00e9tabolique,<br \/>\nd\u2019un patient en milieu de vie en \u00e9chec th\u00e9rapeutique,<br \/>\nou d\u2019une personne \u00e2g\u00e9e pr\u00e9sentant des sympt\u00f4mes inexpliqu\u00e9s,<\/p>\n<p>l\u2019analyse reste identique :<br \/>\nstructur\u00e9e, m\u00e9thodique, transversale.<\/p>\n<p>L\u2019objectif n\u2019est pas la performance spectaculaire.<br \/>\nL\u2019objectif est la stabilit\u00e9, la clart\u00e9 et l\u2019autonomie.\n<\/p><\/div>\n<h2>Une m\u00e9decine<br \/>qui assume la complexit\u00e9<\/h2>\n<div>Je ne cherche pas \u00e0 multiplier les examens.<br \/>\nJe cherche \u00e0 comprendre la logique biologique sous-jacente.<\/p>\n<p>Chaque r\u00e9sultat de laboratoire n\u2019est pas une fin en soi.<br \/>\nIl s\u2019inscrit dans un syst\u00e8me.<\/p>\n<p>Glyc\u00e9mie, inflammation, fonction thyro\u00efdienne, \u00e9quilibre hormonal, stress biologique, sant\u00e9 c\u00e9r\u00e9brale :<br \/>\naucun param\u00e8tre n\u2019est interpr\u00e9t\u00e9 isol\u00e9ment.<\/p>\n<p>La coh\u00e9rence prime sur l\u2019empilement.\n<\/p><\/div>\n<p><!--more--><br \/>\n<!-- {\"type\":\"layout\",\"children\":[{\"type\":\"section\",\"props\":{\"header_transparent\":true,\"header_transparent_noplaceholder\":true,\"image_position\":\"center-center\",\"padding_top\":\"xlarge\",\"style\":\"default\",\"title_breakpoint\":\"xl\",\"title_position\":\"top-left\",\"title_rotation\":\"left\",\"vertical_align\":\"middle\",\"width\":\"xlarge\"},\"children\":[{\"type\":\"row\",\"children\":[{\"type\":\"column\",\"props\":{\"image_position\":\"center-center\",\"position_sticky_breakpoint\":\"m\"},\"children\":[{\"type\":\"headline\",\"props\":{\"animation\":\"parallax\",\"content\":\"Vision\",\"image_align\":\"left\",\"image_margin\":\"xsmall\",\"margin_bottom\":\"medium\",\"margin_top\":\"xlarge\",\"parallax_breakpoint\":\"m\",\"parallax_scale\":\",\",\"parallax_target\":\"!.uk-section\",\"text_align\":\"center\",\"text_align_breakpoint\":\"s\",\"text_align_fallback\":\"left\",\"title_color\":\"warning\",\"title_element\":\"h1\",\"title_style\":\"heading-large\"}},{\"type\":\"video\",\"props\":{\"animation\":\"parallax\",\"margin_bottom\":\"default\",\"margin_top\":\"default\",\"parallax_breakpoint\":\"s\",\"parallax_scale\":\"1.7\",\"parallax_transform_origin\":\"bottom-center\",\"video\":\"wp-content\/uploads\/r3.mov\",\"video_autoplay\":true,\"video_border\":\"rounded\",\"video_controls\":false,\"video_loading\":\"\",\"video_loop\":true,\"video_muted\":true}}]}]}]},{\"type\":\"section\",\"props\":{\"animation\":\"fade\",\"image_position\":\"center-center\",\"padding_bottom\":\"xlarge\",\"style\":\"default\",\"title_breakpoint\":\"xl\",\"title_position\":\"top-left\",\"title_rotation\":\"left\",\"vertical_align\":\"middle\",\"width\":\"xsmall\"},\"children\":[{\"type\":\"row\",\"props\":{\"column_gap\":\"large\"},\"children\":[{\"type\":\"column\",\"props\":{\"image_position\":\"center-center\",\"position_sticky_breakpoint\":\"m\",\"vertical_align\":\"middle\"},\"children\":[{\"type\":\"headline\",\"props\":{\"block_align\":\"center\",\"content\":\"Une m\u00e9decine de coh\u00e9rence\",\"image_align\":\"left\",\"image_margin\":\"xsmall\",\"text_align\":\"center\",\"text_align_breakpoint\":\"s\",\"text_align_fallback\":\"left\",\"title_decoration\":\"divider\",\"title_element\":\"h2\",\"title_style\":\"heading-medium\",\"title_text_stroke\":false}},{\"type\":\"headline\",\"props\":{\"block_align\":\"center\",\"content\":\"Une m\u00e9decine de rigueur<br \/>Une m\u00e9decine qui ne simplifie pas l\u2019inexpliqu\u00e9\",\"image_align\":\"left\",\"image_margin\":\"xsmall\",\"text_align\":\"center\",\"text_align_breakpoint\":\"s\",\"text_align_fallback\":\"left\",\"title_element\":\"h2\",\"title_style\":\"h6\",\"title_text_stroke\":false}},{\"type\":\"text\",\"props\":{\"blend\":false,\"block_align\":\"center\",\"column_breakpoint\":\"m\",\"content\":\"\n\n<p>La sant\u00e9 ne devrait jamais \u00eatre r\u00e9duite \u00e0 un organe, \u00e0 un chiffre isol\u00e9 ou \u00e0 une sp\u00e9cialit\u00e9 unique.\n\nLorsqu\u2019un patient consulte plusieurs m\u00e9decins et re\u00e7oit des avis divergents,<br \/>lorsque les sympt\u00f4mes persistent malgr\u00e9 des bilans \u201cdans les normes\u201d,<br \/>lorsque les traitements s\u2019accumulent sans r\u00e9elle compr\u00e9hension globale,\n\nCe n\u2019est pas toujours le corps qui est incoh\u00e9rent.<br \/>C\u2019est parfois la lecture du dossier qui est fragment\u00e9e.\n\n<\/p>\n\n\",\"margin_bottom\":\"default\",\"margin_top\":\"medium\",\"maxwidth_breakpoint\":\"l\",\"text_align\":\"center\",\"text_align_breakpoint\":\"s\",\"text_align_fallback\":\"left\",\"text_color\":\"emphasis\",\"text_style\":\"small\"}},{\"type\":\"headline\",\"props\":{\"blend\":false,\"block_align\":\"center\",\"content\":\"\n\n<p>Ma vision est simple :<br \/>Revenir \u00e0 une lecture structur\u00e9e, transversale<br \/>et m\u00e9thodique du dossier clinique.<\/p>\n\n\",\"image_align\":\"left\",\"image_margin\":\"xsmall\",\"margin_bottom\":\"default\",\"margin_top\":\"medium\",\"maxwidth_breakpoint\":\"l\",\"text_align\":\"center\",\"text_align_breakpoint\":\"s\",\"text_align_fallback\":\"left\",\"title_element\":\"h1\",\"title_style\":\"heading-small\"}}]}]}],\"name\":\"About\"},{\"type\":\"section\",\"props\":{\"animation\":\"fade\",\"height\":\"viewport\",\"image_position\":\"center-center\",\"padding_bottom\":\"xlarge\",\"padding_top\":\"xlarge\",\"style\":\"muted\",\"title_breakpoint\":\"xl\",\"title_position\":\"top-left\",\"title_rotation\":\"left\",\"vertical_align\":\"middle\",\"width\":\"default\"},\"children\":[{\"type\":\"row\",\"props\":{\"column_gap\":\"large\"},\"children\":[{\"type\":\"column\",\"props\":{\"image_position\":\"center-center\",\"position_sticky_breakpoint\":\"m\",\"vertical_align\":\"middle\"},\"children\":[{\"type\":\"headline\",\"props\":{\"block_align\":\"center\",\"content\":\"La coh\u00e9rence<br \/>avant l\u2019accumulation\",\"image_align\":\"left\",\"image_margin\":\"xsmall\",\"text_align\":\"left\",\"title_decoration\":\"divider\",\"title_element\":\"h2\",\"title_style\":\"heading-large\",\"title_text_stroke\":false}},{\"type\":\"text\",\"props\":{\"blend\":false,\"block_align\":\"center\",\"column_breakpoint\":\"m\",\"content\":\"Je ne cherche pas \u00e0 multiplier les examens.\\nJe cherche \u00e0 comprendre la logique biologique sous-jacente.\n\n\\nChaque r\u00e9sultat de laboratoire n\u2019est pas une fin en soi.<br \/>\\nIl s\u2019inscrit dans un syst\u00e8me.\n\n\\nGlyc\u00e9mie, inflammation, fonction thyro\u00efdienne, \u00e9quilibre hormonal, stress biologique, sant\u00e9 c\u00e9r\u00e9brale :\\naucun param\u00e8tre n\u2019est interpr\u00e9t\u00e9 isol\u00e9ment.\n\n\\nLa coh\u00e9rence prime sur l\u2019empilement.\\n\",\"margin_bottom\":\"default\",\"margin_top\":\"medium\",\"maxwidth_breakpoint\":\"l\",\"text_align\":\"left\",\"text_align_breakpoint\":\"s\",\"text_align_fallback\":\"left\",\"text_color\":\"emphasis\",\"text_style\":\"small\"}}]}]}],\"name\":\"About\"},{\"type\":\"section\",\"props\":{\"animation\":\"fade\",\"height\":\"viewport\",\"image_position\":\"top-center\",\"padding_bottom\":\"xlarge\",\"padding_top\":\"xlarge\",\"style\":\"primary\",\"title_breakpoint\":\"xl\",\"title_position\":\"top-left\",\"title_rotation\":\"left\",\"vertical_align\":\"middle\",\"width\":\"default\"},\"children\":[{\"type\":\"row\",\"props\":{\"column_gap\":\"large\"},\"children\":[{\"type\":\"column\",\"props\":{\"image_position\":\"center-center\",\"position_sticky_breakpoint\":\"m\",\"vertical_align\":\"middle\"},\"children\":[{\"type\":\"headline\",\"props\":{\"block_align\":\"center\",\"content\":\"Une exigence constante,<br \/>quel que soit l\u2019\u00e2ge\",\"image_align\":\"left\",\"image_margin\":\"xsmall\",\"text_align\":\"left\",\"title_decoration\":\"divider\",\"title_element\":\"h2\",\"title_style\":\"heading-large\",\"title_text_stroke\":false}},{\"type\":\"headline\",\"props\":{\"block_align\":\"center\",\"content\":\"\\nUne m\u00e9decine de rigueur<br \/>\\nUne m\u00e9decine qui ne simplifie pas l\u2019inexpliqu\u00e9.\\n\",\"image_align\":\"left\",\"image_margin\":\"xsmall\",\"text_align\":\"left\",\"title_element\":\"h2\",\"title_style\":\"h6\",\"title_text_stroke\":false}},{\"type\":\"text\",\"props\":{\"blend\":false,\"block_align\":\"center\",\"column_breakpoint\":\"m\",\"content\":\"La rigueur clinique ne s\u2019arr\u00eate pas \u00e0 40, 60 ou 80 ans.\n\n\\nL\u2019avanc\u00e9e en \u00e2ge ne justifie ni la simplification excessive d\u2019un dossier, ni l\u2019abandon d\u2019une r\u00e9flexion approfondie.\n\n\\nQu\u2019il s\u2019agisse d\u2019un adulte jeune confront\u00e9 \u00e0 un d\u00e9s\u00e9quilibre m\u00e9tabolique,\\nd\u2019un patient en milieu de vie en \u00e9chec th\u00e9rapeutique,\\nou d\u2019une personne \u00e2g\u00e9e pr\u00e9sentant des sympt\u00f4mes inexpliqu\u00e9s,\n\n\\nl\u2019analyse reste identique :\\nstructur\u00e9e, m\u00e9thodique, transversale.\n\n\\nL\u2019objectif n\u2019est pas la performance spectaculaire.\\nL\u2019objectif est la stabilit\u00e9, la clart\u00e9 et l\u2019autonomie.\\n\",\"margin_bottom\":\"default\",\"margin_top\":\"medium\",\"maxwidth_breakpoint\":\"l\",\"text_align\":\"left\",\"text_align_breakpoint\":\"s\",\"text_align_fallback\":\"left\",\"text_color\":\"emphasis\",\"text_style\":\"small\"}}]}]}],\"name\":\"About\"},{\"type\":\"section\",\"props\":{\"animation\":\"fade\",\"height\":\"viewport\",\"image_position\":\"center-center\",\"padding_bottom\":\"xlarge\",\"padding_top\":\"xlarge\",\"style\":\"default\",\"title_breakpoint\":\"xl\",\"title_position\":\"top-left\",\"title_rotation\":\"left\",\"vertical_align\":\"middle\",\"width\":\"default\"},\"children\":[{\"type\":\"row\",\"props\":{\"column_gap\":\"large\"},\"children\":[{\"type\":\"column\",\"props\":{\"image_position\":\"center-center\",\"position_sticky_breakpoint\":\"m\",\"vertical_align\":\"middle\"},\"children\":[{\"type\":\"headline\",\"props\":{\"block_align\":\"center\",\"content\":\"Une m\u00e9decine<br \/>qui assume la complexit\u00e9\",\"image_align\":\"left\",\"image_margin\":\"xsmall\",\"text_align\":\"left\",\"title_decoration\":\"divider\",\"title_element\":\"h2\",\"title_style\":\"heading-large\",\"title_text_stroke\":false}},{\"type\":\"text\",\"props\":{\"blend\":false,\"block_align\":\"center\",\"column_breakpoint\":\"m\",\"content\":\"Je ne cherche pas \u00e0 multiplier les examens.\\nJe cherche \u00e0 comprendre la logique biologique sous-jacente.\n\n\\nChaque r\u00e9sultat de laboratoire n\u2019est pas une fin en soi.<br \/>\\nIl s\u2019inscrit dans un syst\u00e8me.\n\n\\nGlyc\u00e9mie, inflammation, fonction thyro\u00efdienne, \u00e9quilibre hormonal, stress biologique, sant\u00e9 c\u00e9r\u00e9brale :\\naucun param\u00e8tre n\u2019est interpr\u00e9t\u00e9 isol\u00e9ment.\n\n\\nLa coh\u00e9rence prime sur l\u2019empilement.\\n\",\"margin_bottom\":\"default\",\"margin_top\":\"medium\",\"maxwidth_breakpoint\":\"l\",\"text_align\":\"left\",\"text_align_breakpoint\":\"s\",\"text_align_fallback\":\"left\",\"text_color\":\"emphasis\",\"text_style\":\"small\"}}]}]}],\"name\":\"About\"}],\"version\":\"5.0.17\"} --><\/p>\n","protected":false},"excerpt":{"rendered":"<p>Vision Une m\u00e9decine de coh\u00e9rence Une m\u00e9decine de rigueurUne m\u00e9decine qui ne simplifie pas l\u2019inexpliqu\u00e9 La sant\u00e9 ne devrait jamais \u00eatre r\u00e9duite \u00e0 un organe, \u00e0 un chiffre isol\u00e9 ou \u00e0 une sp\u00e9cialit\u00e9 unique. Lorsqu\u2019un patient consulte plusieurs m\u00e9decins et re\u00e7oit des avis divergents,lorsque les sympt\u00f4mes persistent malgr\u00e9 des bilans \u201cdans les normes\u201d,lorsque les traitements [&hellip;]<\/p>\n","protected":false},"author":1,"featured_media":0,"parent":0,"menu_order":0,"comment_status":"closed","ping_status":"closed","template":"","meta":{"_acf_changed":false,"om_disable_all_campaigns":false,"_monsterinsights_skip_tracking":false,"_monsterinsights_sitenote_active":false,"_monsterinsights_sitenote_note":"","_monsterinsights_sitenote_category":0,"footnotes":""},"class_list":["post-3897","page","type-page","status-publish","hentry"],"acf":[],"aioseo_notices":[],"_links":{"self":[{"href":"https:\/\/hypnocorpe.com\/index.php?rest_route=\/wp\/v2\/pages\/3897","targetHints":{"allow":["GET"]}}],"collection":[{"href":"https:\/\/hypnocorpe.com\/index.php?rest_route=\/wp\/v2\/pages"}],"about":[{"href":"https:\/\/hypnocorpe.com\/index.php?rest_route=\/wp\/v2\/types\/page"}],"author":[{"embeddable":true,"href":"https:\/\/hypnocorpe.com\/index.php?rest_route=\/wp\/v2\/users\/1"}],"replies":[{"embeddable":true,"href":"https:\/\/hypnocorpe.com\/index.php?rest_route=%2Fwp%2Fv2%2Fcomments&post=3897"}],"version-history":[{"count":127,"href":"https:\/\/hypnocorpe.com\/index.php?rest_route=\/wp\/v2\/pages\/3897\/revisions"}],"predecessor-version":[{"id":5489,"href":"https:\/\/hypnocorpe.com\/index.php?rest_route=\/wp\/v2\/pages\/3897\/revisions\/5489"}],"wp:attachment":[{"href":"https:\/\/hypnocorpe.com\/index.php?rest_route=%2Fwp%2Fv2%2Fmedia&parent=3897"}],"curies":[{"name":"wp","href":"https:\/\/api.w.org\/{rel}","templated":true}]}}