{"id":4472,"date":"2026-04-19T09:42:32","date_gmt":"2026-04-19T09:42:32","guid":{"rendered":"https:\/\/hypnocorpe.com\/?page_id=4472"},"modified":"2026-04-19T09:42:33","modified_gmt":"2026-04-19T09:42:33","slug":"formation-medecins","status":"publish","type":"page","link":"https:\/\/hypnocorpe.com\/?page_id=4472","title":{"rendered":"Formation m\u00e9decins"},"content":{"rendered":"<h1>Formation m\u00e9decins<\/h1>\n<div>Brain Health<\/div>\n<div>Approche clinique du fonctionnement c\u00e9r\u00e9bral<\/div>\n<h1>Brain Health<br \/>Clinique\u00ae<\/h1>\n<div>Troubles Cognitifs R\u00e9sistants<\/div>\n<div>Lecture avanc\u00e9e des situations c\u00e9r\u00e9brales devenues r\u00e9sistantes.<\/div>\n<h1>Cadre<\/h1>\n<div>Cette formation s\u2019inscrit dans un travail de structuration clinique des situations impliquant le fonctionnement c\u00e9r\u00e9bral, en particulier lorsque les donn\u00e9es biologiques sont disponibles mais que la coh\u00e9rence clinique reste partielle.<\/p>\n<p>Elle repose sur l\u2019int\u00e9gration de r\u00e9f\u00e9rentiels internationaux issus des neurosciences, de la psychiatrie et de la m\u00e9decine du mode de vie, appliqu\u00e9s \u00e0 des situations cliniques complexes.\n<\/p><\/div>\n<h1>R\u00e9f\u00e9rentiel<br \/>Brain Health<\/h1>\n<h1>Une situation complexe exige une analyse \u00e0 la hauteur de sa complexit\u00e9.<\/h1>\n<div>Les approches Brain Health s\u2019appuient notamment sur les travaux du Dr Daniel Amen, l\u2019un des pionniers de l\u2019imagerie c\u00e9r\u00e9brale fonctionnelle appliqu\u00e9e \u00e0 la psychiatrie.<\/p>\n<p>Les Amen Clinics disposent de l\u2019une des plus importantes bases de donn\u00e9es d\u2019imagerie c\u00e9r\u00e9brale SPECT au monde, avec plus de 200 000 scans r\u00e9alis\u00e9s sur des patients issus de nombreux pays.<\/p>\n<\/div>\n<p><p>\n        <a href=\"\/?page_id=2148\">Faire l&#8217;\u00e9valuation d&#8217;\u00e9ligibilit\u00e9<\/a>\n    <\/p>\n<\/p>\n<p><!--more--><br \/>\n<!-- {\"type\":\"layout\",\"children\":[{\"type\":\"section\",\"props\":{\"animation\":\"fade\",\"header_transparent\":true,\"header_transparent_noplaceholder\":true,\"header_transparent_text_color\":\"light\",\"height\":\"viewport\",\"image\":\"wp-content\/uploads\/fe.PNG\",\"image_effect\":\"fixed\",\"image_loading\":true,\"image_parallax_bgy\":\"40vh\",\"image_position\":\"center-center\",\"image_size\":\"cover\",\"image_width\":\"2560\",\"media_overlay\":\"rgba(0, 0, 0, 0.22)\",\"media_overlay_parallax_end\":\"30%\",\"media_overlay_parallax_opacity\":\"0.5,1\",\"padding\":\"xlarge\",\"padding_remove_bottom\":false,\"padding_remove_top\":true,\"preserve_color\":false,\"style\":\"default\",\"text_color\":\"light\",\"title_breakpoint\":\"xl\",\"title_position\":\"top-left\",\"title_rotation\":\"left\",\"vertical_align\":\"middle\",\"width\":\"expand\"},\"children\":[{\"type\":\"row\",\"children\":[{\"type\":\"column\",\"props\":{\"image_position\":\"center-center\",\"position_sticky_breakpoint\":\"m\",\"vertical_align\":\"middle\"},\"children\":[{\"type\":\"headline\",\"props\":{\"animation\":\"none\",\"block_align\":\"center\",\"content\":\"Formation m\u00e9decins\",\"image_align\":\"left\",\"image_margin\":\"xsmall\",\"text_align\":\"center\",\"title_color\":\"emphasis\",\"title_element\":\"h1\",\"title_style\":\"heading-large\",\"visibility\":\"s\"}},{\"type\":\"headline\",\"props\":{\"animation\":\"none\",\"content\":\"Brain Health\",\"image_align\":\"left\",\"image_margin\":\"xsmall\",\"margin_bottom\":\"remove\",\"margin_top\":\"xlarge\",\"position_top\":\"130\",\"text_align\":\"center\",\"title_element\":\"div\",\"title_style\":\"h1\",\"visibility\":\"s\"}},{\"type\":\"headline\",\"props\":{\"animation\":\"none\",\"block_align\":\"center\",\"content\":\"Approche clinique du fonctionnement c\u00e9r\u00e9bral\",\"image_align\":\"left\",\"image_margin\":\"xsmall\",\"maxwidth\":\"2xlarge\",\"text_align\":\"center\",\"title_element\":\"div\",\"title_style\":\"h4\",\"visibility\":\"s\"}}]}],\"props\":{\"height\":\"viewport\",\"height_offset_top\":true,\"margin\":\"remove-vertical\"}}],\"name\":\"Hero\"},{\"type\":\"section\",\"props\":{\"animation\":\"fade\",\"header_transparent\":true,\"header_transparent_noplaceholder\":true,\"header_transparent_text_color\":\"light\",\"height\":\"viewport\",\"height_viewport\":150,\"image\":\"wp-content\/uploads\/fe.PNG\",\"image_effect\":\"fixed\",\"image_loading\":true,\"image_parallax_bgy\":\"40vh\",\"image_position\":\"bottom-left\",\"image_size\":\"cover\",\"image_width\":\"2560\",\"media_focal_point\":\"bottom-left\",\"media_overlay\":\"rgba(0, 0, 0, 0)\",\"media_overlay_parallax_end\":\"30%\",\"media_overlay_parallax_opacity\":\"0,1\",\"padding\":\"xlarge\",\"padding_remove_bottom\":false,\"padding_remove_top\":true,\"preserve_color\":true,\"style\":\"\",\"text_color\":\"light\",\"title_breakpoint\":\"xl\",\"title_position\":\"top-left\",\"title_rotation\":\"left\",\"vertical_align\":\"\",\"width\":\"expand\"},\"children\":[{\"type\":\"row\",\"children\":[{\"type\":\"column\",\"props\":{\"image_position\":\"center-center\",\"position_sticky_breakpoint\":\"m\",\"vertical_align\":\"bottom\"},\"children\":[{\"type\":\"headline\",\"props\":{\"animation\":\"none\",\"content\":\"Brain Health<br \/>Clinique\u00ae\",\"image_align\":\"left\",\"image_margin\":\"xsmall\",\"margin_top\":\"default\",\"position\":\"relative\",\"position_top\":\"-35\",\"text_align\":\"left\",\"title_color\":\"emphasis\",\"title_element\":\"h1\",\"title_style\":\"heading-medium\",\"visibility\":\"hidden-s\"}},{\"type\":\"headline\",\"props\":{\"animation\":\"none\",\"content\":\"Troubles Cognitifs R\u00e9sistants\",\"image_align\":\"left\",\"image_margin\":\"xsmall\",\"margin_bottom\":\"default\",\"margin_top\":\"xsmall\",\"position\":\"relative\",\"position_top\":\"-45\",\"title_element\":\"div\",\"title_style\":\"h5\",\"visibility\":\"hidden-s\"}},{\"type\":\"headline\",\"props\":{\"animation\":\"none\",\"content\":\"Lecture avanc\u00e9e des situations c\u00e9r\u00e9brales devenues r\u00e9sistantes.\",\"image_align\":\"left\",\"image_margin\":\"xsmall\",\"maxwidth\":\"2xlarge\",\"position\":\"relative\",\"position_top\":\"-55\",\"title_color\":\"primary\",\"title_element\":\"div\",\"title_style\":\"text-small\",\"visibility\":\"hidden-s\"}}]}],\"props\":{\"height\":\"viewport\",\"height_offset_top\":true,\"margin\":\"remove-vertical\"}}],\"name\":\"Hero\"},{\"type\":\"section\",\"props\":{\"animation\":\"fade\",\"height\":\"viewport\",\"image_position\":\"center-center\",\"padding_bottom\":\"large\",\"padding_top\":\"large\",\"style\":\"default\",\"title_breakpoint\":\"xl\",\"title_position\":\"top-left\",\"title_rotation\":\"left\",\"vertical_align\":\"middle\",\"width\":\"small\"},\"children\":[{\"type\":\"row\",\"props\":{\"column_gap\":\"large\"},\"children\":[{\"type\":\"column\",\"props\":{\"image_position\":\"center-center\",\"position_sticky_breakpoint\":\"m\",\"vertical_align\":\"middle\"},\"children\":[{\"type\":\"headline\",\"props\":{\"animation\":\"none\",\"block_align\":\"center\",\"content\":\"Cadre\",\"image_align\":\"left\",\"image_margin\":\"xsmall\",\"margin_bottom\":\"xlarge\",\"margin_top\":\"default\",\"maxwidth\":\"2xlarge\",\"text_align\":\"center\",\"title_color\":\"emphasis\",\"title_decoration\":\"divider\",\"title_element\":\"h1\",\"title_style\":\"heading-large\"}},{\"type\":\"text\",\"props\":{\"blend\":false,\"block_align\":\"center\",\"column_breakpoint\":\"m\",\"content\":\"Cette formation s\u2019inscrit dans un travail de structuration clinique des situations impliquant le fonctionnement c\u00e9r\u00e9bral, en particulier lorsque les donn\u00e9es biologiques sont disponibles mais que la coh\u00e9rence clinique reste partielle.\\n\n\nElle repose sur l\u2019int\u00e9gration de r\u00e9f\u00e9rentiels internationaux issus des neurosciences, de la psychiatrie et de la m\u00e9decine du mode de vie, appliqu\u00e9s \u00e0 des situations cliniques complexes.\\n\",\"margin_bottom\":\"xlarge\",\"margin_top\":\"large\",\"maxwidth\":\"2xlarge\",\"maxwidth_breakpoint\":\"l\",\"text_align\":\"left\",\"text_color\":\"emphasis\",\"text_style\":\"lead\"}}]}]}],\"name\":\"About\"},{\"type\":\"section\",\"props\":{\"animation\":\"fade\",\"header_transparent\":true,\"header_transparent_noplaceholder\":true,\"height\":\"viewport\",\"id\":\"decodage\",\"image_loading\":true,\"image_parallax_bgy\":\"40vh\",\"image_position\":\"center-center\",\"image_size\":\"cover\",\"image_width\":\"2560\",\"media_overlay_parallax_end\":\"30%\",\"media_overlay_parallax_opacity\":\"0.7,1\",\"padding\":\"xlarge\",\"padding_bottom\":\"xlarge\",\"padding_remove_bottom\":false,\"padding_remove_top\":true,\"preserve_color\":false,\"style\":\"default\",\"text_color\":\"light\",\"title_breakpoint\":\"xl\",\"title_position\":\"top-left\",\"title_rotation\":\"left\",\"vertical_align\":\"middle\",\"width\":\"small\"},\"children\":[{\"type\":\"row\",\"children\":[{\"type\":\"column\",\"props\":{\"image_position\":\"center-center\",\"position_sticky_breakpoint\":\"m\",\"vertical_align\":\"middle\"},\"children\":[{\"type\":\"headline\",\"props\":{\"animation\":\"none\",\"content\":\"R\u00e9f\u00e9rentiel<br \/>Brain Health\",\"image_align\":\"left\",\"image_margin\":\"xsmall\",\"text_align\":\"center\",\"title_color\":\"emphasis\",\"title_decoration\":\"divider\",\"title_element\":\"h1\",\"title_style\":\"heading-large\"}},{\"type\":\"headline\",\"props\":{\"animation\":\"none\",\"block_align\":\"center\",\"content\":\"Une situation complexe exige une analyse \u00e0 la hauteur de sa complexit\u00e9.\",\"image_align\":\"left\",\"image_margin\":\"xsmall\",\"margin_bottom\":\"remove\",\"margin_top\":\"medium\",\"maxwidth\":\"large\",\"position_top\":\"130\",\"text_align\":\"center\",\"text_align_breakpoint\":\"s\",\"text_align_fallback\":\"left\",\"title_element\":\"h1\",\"title_style\":\"h6\"}},{\"type\":\"text\",\"props\":{\"blend\":false,\"block_align\":\"center\",\"column_breakpoint\":\"m\",\"content\":\"Les approches Brain Health s\u2019appuient notamment sur les travaux du Dr Daniel Amen, l\u2019un des pionniers de l\u2019imagerie c\u00e9r\u00e9brale fonctionnelle appliqu\u00e9e \u00e0 la psychiatrie.\n\n\\nLes Amen Clinics disposent de l\u2019une des plus importantes bases de donn\u00e9es d\u2019imagerie c\u00e9r\u00e9brale SPECT au monde, avec plus de 200 000 scans r\u00e9alis\u00e9s sur des patients issus de nombreux pays.\n\n\\n\",\"margin_bottom\":\"xlarge\",\"margin_top\":\"large\",\"maxwidth\":\"2xlarge\",\"maxwidth_breakpoint\":\"l\",\"text_align\":\"left\",\"text_color\":\"emphasis\",\"text_style\":\"lead\"}},{\"type\":\"button\",\"props\":{\"button_size\":\"large\",\"fullwidth\":false,\"grid_column_gap\":\"\",\"grid_row_gap\":\"\",\"margin_bottom\":\"default\",\"margin_top\":\"medium\",\"text_align\":\"center\"},\"children\":[{\"type\":\"button_item\",\"props\":{\"button_style\":\"secondary\",\"content\":\"Faire l'\u00e9valuation d'\u00e9ligibilit\u00e9\",\"dialog_layout\":\"modal\",\"dialog_offcanvas_flip\":true,\"icon\":\"arrow-right\",\"icon_align\":\"left\",\"link\":\"?page_id=2148\"}}]}]}],\"props\":{\"height\":\"viewport\",\"height_offset_top\":true,\"margin\":\"remove-vertical\"}}],\"name\":\"decodage long\"}],\"version\":\"5.0.17\"} --><\/p>\n","protected":false},"excerpt":{"rendered":"<p>Formation m\u00e9decins Brain Health Approche clinique du fonctionnement c\u00e9r\u00e9bral Brain HealthClinique\u00ae Troubles Cognitifs R\u00e9sistants Lecture avanc\u00e9e des situations c\u00e9r\u00e9brales devenues r\u00e9sistantes. Cadre Cette formation s\u2019inscrit dans un travail de structuration clinique des situations impliquant le fonctionnement c\u00e9r\u00e9bral, en particulier lorsque les donn\u00e9es biologiques sont disponibles mais que la coh\u00e9rence clinique reste partielle. Elle repose sur [&hellip;]<\/p>\n","protected":false},"author":1,"featured_media":0,"parent":0,"menu_order":0,"comment_status":"closed","ping_status":"closed","template":"","meta":{"_acf_changed":false,"om_disable_all_campaigns":false,"_monsterinsights_skip_tracking":false,"_monsterinsights_sitenote_active":false,"_monsterinsights_sitenote_note":"","_monsterinsights_sitenote_category":0,"footnotes":""},"class_list":["post-4472","page","type-page","status-publish","hentry"],"acf":[],"aioseo_notices":[],"_links":{"self":[{"href":"https:\/\/hypnocorpe.com\/index.php?rest_route=\/wp\/v2\/pages\/4472","targetHints":{"allow":["GET"]}}],"collection":[{"href":"https:\/\/hypnocorpe.com\/index.php?rest_route=\/wp\/v2\/pages"}],"about":[{"href":"https:\/\/hypnocorpe.com\/index.php?rest_route=\/wp\/v2\/types\/page"}],"author":[{"embeddable":true,"href":"https:\/\/hypnocorpe.com\/index.php?rest_route=\/wp\/v2\/users\/1"}],"replies":[{"embeddable":true,"href":"https:\/\/hypnocorpe.com\/index.php?rest_route=%2Fwp%2Fv2%2Fcomments&post=4472"}],"version-history":[{"count":13,"href":"https:\/\/hypnocorpe.com\/index.php?rest_route=\/wp\/v2\/pages\/4472\/revisions"}],"predecessor-version":[{"id":4486,"href":"https:\/\/hypnocorpe.com\/index.php?rest_route=\/wp\/v2\/pages\/4472\/revisions\/4486"}],"wp:attachment":[{"href":"https:\/\/hypnocorpe.com\/index.php?rest_route=%2Fwp%2Fv2%2Fmedia&parent=4472"}],"curies":[{"name":"wp","href":"https:\/\/api.w.org\/{rel}","templated":true}]}}